{"id":11,"date":"2011-10-11T07:21:19","date_gmt":"2011-10-11T07:21:19","guid":{"rendered":"http:\/\/www.kavacikailesagligimerkezi.com\/?page_id=11"},"modified":"2018-11-09T13:44:50","modified_gmt":"2018-11-09T13:44:50","slug":"egitim","status":"publish","type":"page","link":"http:\/\/www.kavacikailesagligimerkezi.com\/index.php\/egitim\/","title":{"rendered":"E\u011fitim"},"content":{"rendered":"<ul>\n<li><a rel=nofollow href=\"http:\/\/www.kavacikailesagligimerkezi.com\/wp-content\/themes\/kavacik_asm\/down\/annesutu.pdf\" target=\"_blank\">Anne Sa\u011fl\u0131\u011f\u0131 Hakk\u0131nda Bilmemiz Gerekenler<\/a><\/li>\n<li><a rel=nofollow href=\"http:\/\/www.kavacikailesagligimerkezi.com\/wp-content\/themes\/kavacik_asm\/down\/ge_em_do_beslenme.pdf\" target=\"_blank\">Gebelik ve Emzirme D\u00f6neminde Beslenme<\/a><\/li>\n<\/ul>\n","protected":false},"excerpt":{"rendered":"<p>ga<\/p>\n","protected":false},"author":1,"featured_media":0,"parent":0,"menu_order":3,"comment_status":"open","ping_status":"open","template":"","meta":{"footnotes":""},"_links":{"self":[{"href":"http:\/\/www.kavacikailesagligimerkezi.com\/index.php\/wp-json\/wp\/v2\/pages\/11"}],"collection":[{"href":"http:\/\/www.kavacikailesagligimerkezi.com\/index.php\/wp-json\/wp\/v2\/pages"}],"about":[{"href":"http:\/\/www.kavacikailesagligimerkezi.com\/index.php\/wp-json\/wp\/v2\/types\/page"}],"author":[{"embeddable":true,"href":"http:\/\/www.kavacikailesagligimerkezi.com\/index.php\/wp-json\/wp\/v2\/users\/1"}],"replies":[{"embeddable":true,"href":"http:\/\/www.kavacikailesagligimerkezi.com\/index.php\/wp-json\/wp\/v2\/comments?post=11"}],"version-history":[{"count":5,"href":"http:\/\/www.kavacikailesagligimerkezi.com\/index.php\/wp-json\/wp\/v2\/pages\/11\/revisions"}],"predecessor-version":[{"id":1793,"href":"http:\/\/www.kavacikailesagligimerkezi.com\/index.php\/wp-json\/wp\/v2\/pages\/11\/revisions\/1793"}],"wp:attachment":[{"href":"http:\/\/www.kavacikailesagligimerkezi.com\/index.php\/wp-json\/wp\/v2\/media?parent=11"}],"curies":[{"name":"wp","href":"https:\/\/api.w.org\/{rel}","templated":true}]}}