{"id":3,"date":"2011-10-11T11:51:17","date_gmt":"2011-10-11T11:51:17","guid":{"rendered":"http:\/\/www.kavacikailesagligimerkezi.com\/?page_id=31"},"modified":"2020-11-24T07:44:27","modified_gmt":"2020-11-24T07:44:27","slug":"dr-ekrem-unver","status":"publish","type":"page","link":"http:\/\/www.kavacikailesagligimerkezi.com\/index.php\/kadromuz\/dr-ekrem-unver\/","title":{"rendered":"Uzm.Dr. Ekrem \u00dcNVER"},"content":{"rendered":"<p><strong><a href=\"http:\/\/www.kavacikailesagligimerkezi.com\/wp-content\/uploads\/DR_EU.jpg\"><br \/>\n<img decoding=\"async\" loading=\"lazy\" class=\"alignleft size-thumbnail wp-image-441\" title=\"Dr. Ekrem \u00dcNVER\" src=\"http:\/\/www.kavacikailesagligimerkezi.com\/wp-content\/uploads\/DR_EU.jpg\" alt=\"\" width=\"257\" height=\"266\" \/><\/a><\/strong><\/p>\n<p><strong>34.11.038 &#8211; Dr. Ekrem \u00dcNVER<\/strong><\/p>\n<ul>\n<li>\u0130stanbul \u00dcniversitesi Cerrahpa\u015fa T\u0131p Fak\u00fcltesi 1993\u2019 te mezun oldu.<\/li>\n<li>Fatih Sultan Mehmet Hastanesinde uzmanl\u0131k e\u011fitimini tamamlam\u0131\u015ft\u0131r.<\/li>\n<\/ul>\n<p><strong>2015 y\u0131l\u0131ndan itibaren Zekiye \u015e. Sabri \u00d6zel Aile Sa\u011fl\u0131\u011f\u0131 Merkezinde g\u00f6rev yapmaktad\u0131r.<\/strong><\/p>\n<table width=\"660\" align=\"center\">\n<tbody>\n<tr>\n<th colspan=\"6\">34.11.038 A\u0130LE HEK\u0130ML\u0130\u011e\u0130 B\u0130R\u0130M\u0130 ESNEK MESA\u0130 SAAT \u00c7\u0130ZELGES\u0130<\/th>\n<\/tr>\n<tr>\n<th width=\"160\">A\u0130LE HEK\u0130M ADI<\/th>\n<th width=\"100\">PAZARTES\u0130<\/th>\n<th width=\"100\">SALI<\/th>\n<th width=\"100\">\u00c7AR\u015eAMBA<\/th>\n<th width=\"100\">PER\u015eEMBE<\/th>\n<th width=\"100\">CUMA<\/th>\n<\/tr>\n<tr>\n<td>Dr.Ekrem \u00dcNVER<\/td>\n<td align=\"middle\">08:00-17:00<\/td>\n<td align=\"middle\">08:00-17:00<\/td>\n<td align=\"middle\">08:00-17:00<\/td>\n<td align=\"middle\">08:00-17:00<\/td>\n<td align=\"middle\">10:00-19:00<\/td>\n<\/tr>\n<tr>\n<td>KURUM \u0130\u00c7\u0130 MESA\u0130<\/td>\n<td align=\"middle\">08:00-12:00<\/td>\n<td align=\"middle\">08:00-12:00<\/td>\n<td align=\"middle\">08:00-12:00<\/td>\n<td align=\"middle\">08:00-12:00<\/td>\n<td align=\"middle\">10:00-19:00<\/td>\n<\/tr>\n<tr>\n<td>\u00d6\u011eLE ARASI<\/td>\n<td align=\"middle\">12:00-13:00<\/td>\n<td align=\"middle\">12:00-13:00<\/td>\n<td align=\"middle\">12:00-13:00<\/td>\n<td align=\"middle\">12:00-13:00<\/td>\n<td align=\"middle\">13:00-14:00<\/td>\n<\/tr>\n<tr>\n<td>KURUM \u0130\u00c7\u0130 MESA\u0130<\/td>\n<td align=\"middle\">13:00-17:00<\/td>\n<td align=\"middle\">13:00-17:00<\/td>\n<td align=\"middle\"><\/td>\n<td align=\"middle\">13:00-17:00<\/td>\n<td align=\"middle\">10:00-19:00<\/td>\n<\/tr>\n<tr>\n<td>KURUM DI\u015eI MESA\u0130<\/td>\n<td align=\"middle\"><\/td>\n<td align=\"middle\"><\/td>\n<td align=\"middle\">13:00-17:00<\/td>\n<td align=\"middle\"><\/td>\n<td align=\"middle\"><\/td>\n<\/tr>\n<tr>\n<td colspan=\"6\"><\/td>\n<\/tr>\n<tr>\n<td>MESA\u0130 SAAT\u0130<\/td>\n<td style=\"text-align: center;\" align=\"middle\">8<\/td>\n<td style=\"text-align: center;\" align=\"middle\">8<\/td>\n<td style=\"text-align: center;\" align=\"middle\">8<\/td>\n<td style=\"text-align: center;\" align=\"middle\">8<\/td>\n<td style=\"text-align: center;\" align=\"middle\">8<\/td>\n<\/tr>\n<\/tbody>\n<\/table>\n","protected":false},"excerpt":{"rendered":"<p>ga<\/p>\n","protected":false},"author":1,"featured_media":0,"parent":7,"menu_order":0,"comment_status":"closed","ping_status":"closed","template":"","meta":{"footnotes":""},"_links":{"self":[{"href":"http:\/\/www.kavacikailesagligimerkezi.com\/index.php\/wp-json\/wp\/v2\/pages\/3"}],"collection":[{"href":"http:\/\/www.kavacikailesagligimerkezi.com\/index.php\/wp-json\/wp\/v2\/pages"}],"about":[{"href":"http:\/\/www.kavacikailesagligimerkezi.com\/index.php\/wp-json\/wp\/v2\/types\/page"}],"author":[{"embeddable":true,"href":"http:\/\/www.kavacikailesagligimerkezi.com\/index.php\/wp-json\/wp\/v2\/users\/1"}],"replies":[{"embeddable":true,"href":"http:\/\/www.kavacikailesagligimerkezi.com\/index.php\/wp-json\/wp\/v2\/comments?post=3"}],"version-history":[{"count":38,"href":"http:\/\/www.kavacikailesagligimerkezi.com\/index.php\/wp-json\/wp\/v2\/pages\/3\/revisions"}],"predecessor-version":[{"id":4357,"href":"http:\/\/www.kavacikailesagligimerkezi.com\/index.php\/wp-json\/wp\/v2\/pages\/3\/revisions\/4357"}],"up":[{"embeddable":true,"href":"http:\/\/www.kavacikailesagligimerkezi.com\/index.php\/wp-json\/wp\/v2\/pages\/7"}],"wp:attachment":[{"href":"http:\/\/www.kavacikailesagligimerkezi.com\/index.php\/wp-json\/wp\/v2\/media?parent=3"}],"curies":[{"name":"wp","href":"https:\/\/api.w.org\/{rel}","templated":true}]}}