{"id":34,"date":"2011-03-11T11:52:18","date_gmt":"2011-03-11T11:52:18","guid":{"rendered":"http:\/\/www.kavacikailesagligimerkezi.com\/?page_id=34"},"modified":"2020-10-06T14:16:43","modified_gmt":"2020-10-06T14:16:43","slug":"uzm-dr-yegane-ataman","status":"publish","type":"page","link":"http:\/\/www.kavacikailesagligimerkezi.com\/index.php\/kadromuz\/uzm-dr-yegane-ataman\/","title":{"rendered":"Uzm.Dr. Yegane Ataman"},"content":{"rendered":"<p><strong><a href=\"http:\/\/www.kavacikailesagligimerkezi.com\/wp-content\/uploads\/DR_YA.jpg\"><img decoding=\"async\" loading=\"lazy\" class=\"alignleft size-thumbnail wp-image-441\" title=\"Uzm. Dr. Yegane Ataman\" src=\"http:\/\/www.kavacikailesagligimerkezi.com\/wp-content\/uploads\/DR_YA.jpg\" alt=\"\" width=\"257\" height=\"266\" \/><\/a><\/strong><\/p>\n<p><strong><br \/>\n<\/strong><strong>34.11.040 &#8211; Uzm.Dr. Yegane Ataman<\/strong><\/p>\n<ul>\n<li style=\"list-style-type: none;\">\n<ul>\n<li>Marmara T\u0131p Fak\u00fcltesi Mezunu<\/li>\n<li>1966 Antakya do\u011fumlu.<\/li>\n<li>Evli ve bir k\u0131z \u00e7ocu\u011fu var.<\/li>\n<li>1990 &#8211; 1992 \u00c7ank\u0131r\u0131 Eldivan sa\u011fl\u0131k oca\u011f\u0131nda g\u00f6rev yapt\u0131.<\/li>\n<li>1992 &#8211; 1996 \u015ei\u015fli Etfal E\u011fitim ve Ara\u015ft\u0131rma Hastanesi Aile Hekimli\u011fi \u0130htisas\u0131n\u0131 yapt\u0131.<\/li>\n<li>1996 &#8211; 1997 \u00c7atalca Ana-\u00c7ocuk Sa\u011fl\u0131\u011f\u0131 Merkezinde g\u00f6rev yapt\u0131.<\/li>\n<li>1997 &#8211; 2010 Beykoz Devlet Hastanesi Aile Hekimli\u011finde g\u00f6rev yapt\u0131.<\/li>\n<\/ul>\n<\/li>\n<\/ul>\n<ul>\n<li style=\"list-style-type: none;\"><\/li>\n<\/ul>\n<p><strong>1 Kas\u0131m 2010 tarihinden itibaren Zekiye \u015e. Sabri \u00d6zel Aile Sa\u011fl\u0131\u011f\u0131 Merkezinde halen daha g\u00f6rev yapmaktad\u0131r.<\/strong><\/p>\n<table width=\"660\">\n<tbody>\n<tr>\n<th colspan=\"6\">34.11.040 A\u0130LE HEK\u0130ML\u0130\u011e\u0130 B\u0130R\u0130M\u0130 ESNEK MESA\u0130 SAAT \u00c7\u0130ZELGES\u0130<\/th>\n<\/tr>\n<tr>\n<th width=\"160\">A\u0130LE HEK\u0130M ADI<\/th>\n<th width=\"100\">PAZARTES\u0130<\/th>\n<th width=\"100\">SALI<\/th>\n<th width=\"100\">\u00c7AR\u015eAMBA<\/th>\n<th width=\"100\">PER\u015eEMBE<\/th>\n<th width=\"100\">CUMA<\/th>\n<\/tr>\n<tr>\n<td>Uzm.Dr. Yegane Ataman<\/td>\n<td align=\"middle\">08:00-17:00<\/td>\n<td align=\"middle\">10:00-19:00<\/td>\n<td align=\"middle\">08:00-17:00<\/td>\n<td align=\"middle\">08:00-17:00<\/td>\n<td align=\"middle\">08:00-17:00<\/td>\n<\/tr>\n<tr>\n<td>KURUM \u0130\u00c7\u0130 MESA\u0130<\/td>\n<td align=\"middle\">08:00-12:00<\/td>\n<td align=\"middle\">10:00-13:00<\/td>\n<td align=\"middle\">08:00-12:00<\/td>\n<td align=\"middle\">08:00-12:00<\/td>\n<td align=\"middle\">08:00-12:00<\/td>\n<\/tr>\n<tr>\n<td>KURUM DI\u015eI MESA\u0130<\/td>\n<td align=\"middle\"><\/td>\n<td align=\"middle\"><\/td>\n<td align=\"middle\"><\/td>\n<td align=\"middle\">13:00-17:00<\/td>\n<td align=\"middle\"><\/td>\n<\/tr>\n<tr>\n<td>\u00d6\u011eLE ARASI<\/td>\n<td align=\"middle\">12:00-13:00<\/td>\n<td align=\"middle\">13:00-14:00<\/td>\n<td align=\"middle\">12:00-13:00<\/td>\n<td align=\"middle\">12:00-13:00<\/td>\n<td align=\"middle\">12:00-13:00<\/td>\n<\/tr>\n<tr>\n<td>KURUM \u0130\u00c7\u0130 MESA\u0130<\/td>\n<td align=\"middle\">13:00-17:00<\/td>\n<td align=\"middle\">14:00-19:00<\/td>\n<td align=\"middle\">13:00-17:00<\/td>\n<td align=\"middle\"><\/td>\n<td align=\"middle\">13:00-17:00<\/td>\n<\/tr>\n<tr>\n<td>KURUM DI\u015eII MESA\u0130<\/td>\n<td align=\"middle\"><\/td>\n<td align=\"middle\"><\/td>\n<td align=\"middle\"><\/td>\n<td align=\"middle\">13:00-17:00<\/td>\n<td align=\"middle\"><\/td>\n<\/tr>\n<tr>\n<td colspan=\"6\"><\/td>\n<\/tr>\n<tr>\n<td>MESA\u0130 SAAT\u0130<\/td>\n<td style=\"text-align: center;\" align=\"middle\">8<\/td>\n<td style=\"text-align: center;\" align=\"middle\">8<\/td>\n<td style=\"text-align: center;\" align=\"middle\">8<\/td>\n<td style=\"text-align: center;\" align=\"middle\">8<\/td>\n<td style=\"text-align: center;\" align=\"middle\">8<\/td>\n<\/tr>\n<\/tbody>\n<\/table>\n","protected":false},"excerpt":{"rendered":"<p>34.11.040 &#8211; Uzm.Dr. Yegane Ataman Marmara T\u0131p Fak\u00fcltesi Mezunu 1966 Antakya do\u011fumlu. Evli ve bir k\u0131z \u00e7ocu\u011fu var. 1990 &#8211; 1992 \u00c7ank\u0131r\u0131 Eldivan sa\u011fl\u0131k oca\u011f\u0131nda g\u00f6rev yapt\u0131. 1992 &#8211; 1996 \u015ei\u015fli Etfal E\u011fitim ve Ara\u015ft\u0131rma Hastanesi Aile Hekimli\u011fi \u0130htisas\u0131n\u0131 yapt\u0131. 1996 &#8211; 1997 \u00c7atalca Ana-\u00c7ocuk Sa\u011fl\u0131\u011f\u0131 Merkezinde g\u00f6rev yapt\u0131. 1997 &#8211; 2010 Beykoz Devlet Hastanesi [&hellip;]<\/p>\n","protected":false},"author":1,"featured_media":0,"parent":7,"menu_order":3,"comment_status":"open","ping_status":"closed","template":"","meta":{"footnotes":""},"_links":{"self":[{"href":"http:\/\/www.kavacikailesagligimerkezi.com\/index.php\/wp-json\/wp\/v2\/pages\/34"}],"collection":[{"href":"http:\/\/www.kavacikailesagligimerkezi.com\/index.php\/wp-json\/wp\/v2\/pages"}],"about":[{"href":"http:\/\/www.kavacikailesagligimerkezi.com\/index.php\/wp-json\/wp\/v2\/types\/page"}],"author":[{"embeddable":true,"href":"http:\/\/www.kavacikailesagligimerkezi.com\/index.php\/wp-json\/wp\/v2\/users\/1"}],"replies":[{"embeddable":true,"href":"http:\/\/www.kavacikailesagligimerkezi.com\/index.php\/wp-json\/wp\/v2\/comments?post=34"}],"version-history":[{"count":24,"href":"http:\/\/www.kavacikailesagligimerkezi.com\/index.php\/wp-json\/wp\/v2\/pages\/34\/revisions"}],"predecessor-version":[{"id":4311,"href":"http:\/\/www.kavacikailesagligimerkezi.com\/index.php\/wp-json\/wp\/v2\/pages\/34\/revisions\/4311"}],"up":[{"embeddable":true,"href":"http:\/\/www.kavacikailesagligimerkezi.com\/index.php\/wp-json\/wp\/v2\/pages\/7"}],"wp:attachment":[{"href":"http:\/\/www.kavacikailesagligimerkezi.com\/index.php\/wp-json\/wp\/v2\/media?parent=34"}],"curies":[{"name":"wp","href":"https:\/\/api.w.org\/{rel}","templated":true}]}}