{"id":38,"date":"2011-10-11T11:53:50","date_gmt":"2011-10-11T11:53:50","guid":{"rendered":"http:\/\/www.kavacikailesagligimerkezi.com\/?page_id=38"},"modified":"2020-10-06T13:59:19","modified_gmt":"2020-10-06T13:59:19","slug":"dr-deniz-ildes-demiral","status":"publish","type":"page","link":"http:\/\/www.kavacikailesagligimerkezi.com\/index.php\/kadromuz\/dr-deniz-ildes-demiral\/","title":{"rendered":"Dr. Deniz \u0130LDE\u015e DEM\u0130RAL"},"content":{"rendered":"<p><strong><a href=\"http:\/\/www.kavacikailesagligimerkezi.com\/wp-content\/uploads\/DR_DID.jpg\"><img decoding=\"async\" loading=\"lazy\" class=\"alignleft size-thumbnail wp-image-441\" title=\"Dr. Deniz \u0130LDE\u015e DEM\u0130RAL\" src=\"http:\/\/www.kavacikailesagligimerkezi.com\/wp-content\/uploads\/DR_DID.jpg\" alt=\"\" width=\"257\" height=\"266\" \/><\/a><\/strong><\/p>\n<p><strong>34.11.042 &#8211; Dr. Deniz \u0130LDE\u015e DEM\u0130RAL<\/strong><\/p>\n<ul>\n<li>1972 Ankara Do\u011fumlu<\/li>\n<li>1998 Y\u0131l\u0131nda Kayseri Erciyes \u00dcniversitesi T\u0131p Fak\u00fcltesi Mezunu<\/li>\n<li>2002-2005 Karab\u00fck Safranbolu Merkez 2 Nolu Sa\u011fl\u0131k Oca\u011f\u0131 Merkezinde g\u00f6rev yapt\u0131.<\/li>\n<li>2005-2006 Sivas Ana \u00c7ocuk Sa\u011fl\u0131\u011f\u0131 ve Aile Planlamas\u0131nda g\u00f6rev yapt\u0131.<\/li>\n<li>2009-2010 K\u0131r\u0131kkale Kanser Ara\u015ft\u0131rma Merkezinde g\u00f6rev yapt\u0131.<\/li>\n<li>2010 Kastamonu Safranbolu Sa\u011fl\u0131k Oca\u011f\u0131nda g\u00f6rev yapt\u0131.<\/li>\n<li style=\"list-style-type: none;\"><\/li>\n<\/ul>\n<ul>\n<li style=\"list-style-type: none;\"><\/li>\n<\/ul>\n<p><strong>1 Kas\u0131m 2010 tarihinden itibaren de Zekiye Az. Sabri \u00d6zel Aile Sa\u011fl\u0131\u011f\u0131 Merkezinde g\u00f6rev yapmaktad\u0131r.<\/strong><\/p>\n<table width=\"660\">\n<tbody>\n<tr>\n<th colspan=\"6\">34.11.042 A\u0130LE HEK\u0130ML\u0130\u011e\u0130 B\u0130R\u0130M\u0130 ESNEK MESA\u0130 SAAT \u00c7\u0130ZELGES\u0130<\/th>\n<\/tr>\n<tr>\n<th width=\"160\">A\u0130LE HEK\u0130M ADI<\/th>\n<th width=\"100\">PAZARTES\u0130<\/th>\n<th width=\"100\">SALI<\/th>\n<th width=\"100\">\u00c7AR\u015eAMBA<\/th>\n<th width=\"100\">PER\u015eEMBE<\/th>\n<th width=\"100\">CUMA<\/th>\n<\/tr>\n<tr>\n<td>Dr. Deniz \u0130LDE\u015e DEM\u0130RAL<\/td>\n<td align=\"middle\"><\/td>\n<td align=\"middle\"><\/td>\n<td align=\"middle\"><\/td>\n<td align=\"middle\"><\/td>\n<td align=\"middle\"><\/td>\n<\/tr>\n<tr>\n<td>KURUM \u0130\u00c7\u0130 MESA\u0130<\/td>\n<td align=\"middle\">10:00-13:00<\/td>\n<td align=\"middle\">08:00-12:00<\/td>\n<td align=\"middle\">08:00-12:00<\/td>\n<td align=\"middle\">08:00-12:00<\/td>\n<td align=\"middle\">08:00-12:00<\/td>\n<\/tr>\n<tr>\n<td>KURUM DI\u015eI MESA\u0130<\/td>\n<td align=\"middle\"><\/td>\n<td align=\"middle\"><\/td>\n<td align=\"middle\"><\/td>\n<td align=\"middle\"><\/td>\n<td align=\"middle\"><\/td>\n<\/tr>\n<tr>\n<td>\u00d6\u011eLE ARASI<\/td>\n<td align=\"middle\">13:00-14:00<\/td>\n<td align=\"middle\">12:00-13:00<\/td>\n<td align=\"middle\">12:00-13:00<\/td>\n<td align=\"middle\">12:00-13:00<\/td>\n<td align=\"middle\">12:00-13:00<\/td>\n<\/tr>\n<tr>\n<td>KURUM \u0130\u00c7\u0130 MESA\u0130<\/td>\n<td align=\"middle\">14:00-19:00<\/td>\n<td align=\"middle\"><\/td>\n<td align=\"middle\">13:00-17:00<\/td>\n<td align=\"middle\">13:00-17:00<\/td>\n<td align=\"middle\">13:00-17:00<\/td>\n<\/tr>\n<tr>\n<td>KURUM DI\u015eI MESA\u0130<\/td>\n<td align=\"middle\"><\/td>\n<td align=\"middle\">13:00-17:00<\/td>\n<td align=\"middle\"><\/td>\n<td align=\"middle\"><\/td>\n<td align=\"middle\"><\/td>\n<\/tr>\n<tr>\n<td colspan=\"6\"><\/td>\n<\/tr>\n<tr>\n<td>MESA\u0130 SAAT\u0130<\/td>\n<td style=\"text-align: center;\" align=\"middle\">8<\/td>\n<td style=\"text-align: center;\" align=\"middle\">8<\/td>\n<td style=\"text-align: center;\" align=\"middle\">8<\/td>\n<td style=\"text-align: center;\" align=\"middle\">8<\/td>\n<td style=\"text-align: center;\" align=\"middle\">8<\/td>\n<\/tr>\n<\/tbody>\n<\/table>\n","protected":false},"excerpt":{"rendered":"<p>34.11.042 &#8211; Dr. Deniz \u0130LDE\u015e DEM\u0130RAL 1972 Ankara Do\u011fumlu 1998 Y\u0131l\u0131nda Kayseri Erciyes \u00dcniversitesi T\u0131p Fak\u00fcltesi Mezunu 2002-2005 Karab\u00fck Safranbolu Merkez 2 Nolu Sa\u011fl\u0131k Oca\u011f\u0131 Merkezinde g\u00f6rev yapt\u0131. 2005-2006 Sivas Ana \u00c7ocuk Sa\u011fl\u0131\u011f\u0131 ve Aile Planlamas\u0131nda g\u00f6rev yapt\u0131. 2009-2010 K\u0131r\u0131kkale Kanser Ara\u015ft\u0131rma Merkezinde g\u00f6rev yapt\u0131. 2010 Kastamonu Safranbolu Sa\u011fl\u0131k Oca\u011f\u0131nda g\u00f6rev yapt\u0131. 1 Kas\u0131m 2010 [&hellip;]<\/p>\n","protected":false},"author":1,"featured_media":0,"parent":7,"menu_order":5,"comment_status":"closed","ping_status":"closed","template":"","meta":{"footnotes":""},"_links":{"self":[{"href":"http:\/\/www.kavacikailesagligimerkezi.com\/index.php\/wp-json\/wp\/v2\/pages\/38"}],"collection":[{"href":"http:\/\/www.kavacikailesagligimerkezi.com\/index.php\/wp-json\/wp\/v2\/pages"}],"about":[{"href":"http:\/\/www.kavacikailesagligimerkezi.com\/index.php\/wp-json\/wp\/v2\/types\/page"}],"author":[{"embeddable":true,"href":"http:\/\/www.kavacikailesagligimerkezi.com\/index.php\/wp-json\/wp\/v2\/users\/1"}],"replies":[{"embeddable":true,"href":"http:\/\/www.kavacikailesagligimerkezi.com\/index.php\/wp-json\/wp\/v2\/comments?post=38"}],"version-history":[{"count":12,"href":"http:\/\/www.kavacikailesagligimerkezi.com\/index.php\/wp-json\/wp\/v2\/pages\/38\/revisions"}],"predecessor-version":[{"id":4287,"href":"http:\/\/www.kavacikailesagligimerkezi.com\/index.php\/wp-json\/wp\/v2\/pages\/38\/revisions\/4287"}],"up":[{"embeddable":true,"href":"http:\/\/www.kavacikailesagligimerkezi.com\/index.php\/wp-json\/wp\/v2\/pages\/7"}],"wp:attachment":[{"href":"http:\/\/www.kavacikailesagligimerkezi.com\/index.php\/wp-json\/wp\/v2\/media?parent=38"}],"curies":[{"name":"wp","href":"https:\/\/api.w.org\/{rel}","templated":true}]}}