{"id":40,"date":"2011-10-11T11:54:22","date_gmt":"2011-10-11T11:54:22","guid":{"rendered":"http:\/\/www.kavacikailesagligimerkezi.com\/?page_id=40"},"modified":"2020-10-06T13:59:29","modified_gmt":"2020-10-06T13:59:29","slug":"uzm-dr-fusun-karacaorenli","status":"publish","type":"page","link":"http:\/\/www.kavacikailesagligimerkezi.com\/index.php\/kadromuz\/uzm-dr-fusun-karacaorenli\/","title":{"rendered":"Uzm.Dr. F\u00fcsun KARACA\u00d6RENL\u0130"},"content":{"rendered":"<p><strong><a href=\"http:\/\/www.kavacikailesagligimerkezi.com\/wp-content\/uploads\/DR_FK.jpg\"><img decoding=\"async\" loading=\"lazy\" class=\"alignleft size-thumbnail wp-image-441\" title=\"Uzm.Dr. F\u00fcsun KARACA\u00d6RENL\u0130\" src=\"http:\/\/www.kavacikailesagligimerkezi.com\/wp-content\/uploads\/DR_FK.jpg\" alt=\"\" width=\"257\" height=\"266\"><\/a><\/strong><\/p>\n<p><strong>34.11.043 &#8211; Uzm.Dr. F\u00fcsun KARACA\u00d6RENL\u0130<\/strong><\/p>\n<ul>\n<li>19 May\u0131s \u00dcniversitesi T\u0131p Fak\u00fcltesi Mezunu<\/li>\n<li>1996-1999 \u0130stanbul \u015ei\u015fli Etfal Hastanesinde Aile Hekimli\u011fi \u0130htisas\u0131 yapt\u0131.<\/li>\n<\/ul>\n<p><strong>1 Kas\u0131m 2010 tarihinden itibaren de Zekiye \u015e. Sabri \u00d6zel Aile Sa\u011fl\u0131\u011f\u0131 Merkezinde halen g\u00f6rev yapmaktad\u0131r.<\/strong><\/p>\n<p>&nbsp;<br \/>\n&nbsp;<\/p>\n<p>34.11.043 A\u0130LE HEK\u0130ML\u0130\u011e\u0130 B\u0130R\u0130M\u0130 ESNEK MESA\u0130 SAAT \u00c7\u0130ZELGES\u0130<\/p>\n<table width=\"660\">\n<tbody>\n<tr>\n<th colspan=\"6\">34.11.044 A\u0130LE HEK\u0130ML\u0130\u011e\u0130 B\u0130R\u0130M\u0130 ESNEK MESA\u0130 SAAT \u00c7\u0130ZELGES\u0130<\/th>\n<\/tr>\n<tr>\n<th width=\"160\">A\u0130LE HEK\u0130M ADI<\/th>\n<th width=\"100\">PAZARTES\u0130<\/th>\n<th width=\"100\">SALI<\/th>\n<th width=\"100\">\u00c7AR\u015eAMBA<\/th>\n<th width=\"100\">PER\u015eEMBE<\/th>\n<th width=\"100\">CUMA<\/th>\n<\/tr>\n<tr>\n<td>Uzm.Dr. F\u00fcsun KARACA\u00d6RENL\u0130<\/td>\n<td align=\"center\">08:00-17:00<\/td>\n<td align=\"center\">08:00-17:00<\/td>\n<td align=\"center\">08:00-17:00<\/td>\n<td align=\"center\">08:00-17:00<\/td>\n<td align=\"center\">08:00-19:00<\/td>\n<\/tr>\n<tr>\n<td>KURUM \u0130\u00c7\u0130 MESA\u0130<\/td>\n<td align=\"center\">08:00-12:00<\/td>\n<td align=\"center\">08:00-12:00<\/td>\n<td align=\"center\">08:00-12:00<\/td>\n<td align=\"center\">08:00-12:00<\/td>\n<td align=\"center\">10:00-13:00<\/td>\n<\/tr>\n<tr>\n<td>\u00d6\u011eLE ARASI<\/td>\n<td align=\"center\">12:00-13:00<\/td>\n<td align=\"center\">12:00-13:00<\/td>\n<td align=\"center\">12:00-13:00<\/td>\n<td align=\"center\">12:00-13:00<\/td>\n<td align=\"center\">12:00-14:00<\/td>\n<\/tr>\n<tr>\n<td>KURUM \u0130\u00c7\u0130 MESA\u0130<\/td>\n<td align=\"center\">13:00-17:00<\/td>\n<td align=\"center\">13:00-17:00<\/td>\n<td align=\"center\">&nbsp;<\/td>\n<td align=\"center\">13:00-17:00<\/td>\n<td align=\"center\">14:00-19:00<\/td>\n<\/tr>\n<tr>\n<td>KURUM DI\u015eI MESA\u0130<\/td>\n<td align=\"center\">&nbsp;<\/td>\n<td align=\"center\">&nbsp;<\/td>\n<td align=\"center\">13:00-17:00<\/td>\n<td align=\"center\">&nbsp;<\/td>\n<td align=\"center\">&nbsp;<\/td>\n<\/tr>\n<tr>\n<td colspan=\"6\">&nbsp;<\/td>\n<\/tr>\n<tr>\n<td>MESA\u0130 SAAT\u0130<\/td>\n<td style=\"text-align: center;\" align=\"middle\">8<\/td>\n<td style=\"text-align: center;\" align=\"middle\">8<\/td>\n<td style=\"text-align: center;\" align=\"middle\">8<\/td>\n<td style=\"text-align: center;\" align=\"middle\">8<\/td>\n<td style=\"text-align: center;\" align=\"middle\">8<\/td>\n<\/tr>\n<\/tbody>\n<\/table>\n","protected":false},"excerpt":{"rendered":"<p>34.11.043 &#8211; Uzm.Dr. F\u00fcsun KARACA\u00d6RENL\u0130 19 May\u0131s \u00dcniversitesi T\u0131p Fak\u00fcltesi Mezunu 1996-1999 \u0130stanbul \u015ei\u015fli Etfal Hastanesinde Aile Hekimli\u011fi \u0130htisas\u0131 yapt\u0131. 1 Kas\u0131m 2010 tarihinden itibaren de Zekiye \u015e. Sabri \u00d6zel Aile Sa\u011fl\u0131\u011f\u0131 Merkezinde halen g\u00f6rev yapmaktad\u0131r. &nbsp; &nbsp; 34.11.043 A\u0130LE HEK\u0130ML\u0130\u011e\u0130 B\u0130R\u0130M\u0130 ESNEK MESA\u0130 SAAT \u00c7\u0130ZELGES\u0130 34.11.044 A\u0130LE HEK\u0130ML\u0130\u011e\u0130 B\u0130R\u0130M\u0130 ESNEK MESA\u0130 SAAT \u00c7\u0130ZELGES\u0130 A\u0130LE [&hellip;]<\/p>\n","protected":false},"author":1,"featured_media":0,"parent":7,"menu_order":6,"comment_status":"open","ping_status":"closed","template":"","meta":{"footnotes":""},"_links":{"self":[{"href":"http:\/\/www.kavacikailesagligimerkezi.com\/index.php\/wp-json\/wp\/v2\/pages\/40"}],"collection":[{"href":"http:\/\/www.kavacikailesagligimerkezi.com\/index.php\/wp-json\/wp\/v2\/pages"}],"about":[{"href":"http:\/\/www.kavacikailesagligimerkezi.com\/index.php\/wp-json\/wp\/v2\/types\/page"}],"author":[{"embeddable":true,"href":"http:\/\/www.kavacikailesagligimerkezi.com\/index.php\/wp-json\/wp\/v2\/users\/1"}],"replies":[{"embeddable":true,"href":"http:\/\/www.kavacikailesagligimerkezi.com\/index.php\/wp-json\/wp\/v2\/comments?post=40"}],"version-history":[{"count":23,"href":"http:\/\/www.kavacikailesagligimerkezi.com\/index.php\/wp-json\/wp\/v2\/pages\/40\/revisions"}],"predecessor-version":[{"id":4274,"href":"http:\/\/www.kavacikailesagligimerkezi.com\/index.php\/wp-json\/wp\/v2\/pages\/40\/revisions\/4274"}],"up":[{"embeddable":true,"href":"http:\/\/www.kavacikailesagligimerkezi.com\/index.php\/wp-json\/wp\/v2\/pages\/7"}],"wp:attachment":[{"href":"http:\/\/www.kavacikailesagligimerkezi.com\/index.php\/wp-json\/wp\/v2\/media?parent=40"}],"curies":[{"name":"wp","href":"https:\/\/api.w.org\/{rel}","templated":true}]}}