{"id":4313,"date":"2020-10-06T14:21:02","date_gmt":"2020-10-06T14:21:02","guid":{"rendered":"http:\/\/www.kavacikailesagligimerkezi.com\/?page_id=4313"},"modified":"2025-03-19T16:11:45","modified_gmt":"2025-03-19T13:11:45","slug":"tibbi-sekreter-resul-demir","status":"publish","type":"page","link":"http:\/\/www.kavacikailesagligimerkezi.com\/index.php\/diger-personellerimiz\/tibbi-sekreter-resul-demir\/","title":{"rendered":"T\u0131bbi Sekr. Resul DEM\u0130R"},"content":{"rendered":"<p><img decoding=\"async\" loading=\"lazy\" class=\"alignleft wp-image-4544 size-medium\" src=\"http:\/\/www.kavacikailesagligimerkezi.com\/wp-content\/uploads\/IMG_2824-212x300.jpg\" alt=\"\" width=\"212\" height=\"300\" srcset=\"http:\/\/www.kavacikailesagligimerkezi.com\/wp-content\/uploads\/IMG_2824-212x300.jpg 212w, http:\/\/www.kavacikailesagligimerkezi.com\/wp-content\/uploads\/IMG_2824.jpg 478w\" sizes=\"(max-width: 212px) 100vw, 212px\" \/><\/p>\n<p>Resul DEM\u0130R<\/p>\n<ul>\n<li>2 Ekim 1999 y\u0131l\u0131nda do\u011fdu.<\/li>\n<li>Ni\u015fanta\u015f\u0131 \u00dcniversitesi Radyoterapi ve Anadolu \u00dcniversitesi T\u0131bbi Dok\u00fcmantasyon ve Sektererlik b\u00f6l\u00fcmleri mezunu.<\/li>\n<\/ul>\n<p><strong>2024 Mart tarihinden itibaren Zekiye \u015e. Sabri \u00d6zel Aile Sa\u011fl\u0131\u011f\u0131 Merkezinde g\u00f6rev yapmaktad\u0131r.<\/strong><\/p>\n","protected":false},"excerpt":{"rendered":"<p>Resul DEM\u0130R 2 Ekim 1999 y\u0131l\u0131nda do\u011fdu. Ni\u015fanta\u015f\u0131 \u00dcniversitesi Radyoterapi ve Anadolu \u00dcniversitesi T\u0131bbi Dok\u00fcmantasyon ve Sektererlik b\u00f6l\u00fcmleri mezunu. 2024 Mart tarihinden itibaren Zekiye \u015e. Sabri \u00d6zel Aile Sa\u011fl\u0131\u011f\u0131 Merkezinde g\u00f6rev yapmaktad\u0131r.<\/p>\n","protected":false},"author":1,"featured_media":4375,"parent":86,"menu_order":18,"comment_status":"closed","ping_status":"closed","template":"","meta":{"footnotes":""},"_links":{"self":[{"href":"http:\/\/www.kavacikailesagligimerkezi.com\/index.php\/wp-json\/wp\/v2\/pages\/4313"}],"collection":[{"href":"http:\/\/www.kavacikailesagligimerkezi.com\/index.php\/wp-json\/wp\/v2\/pages"}],"about":[{"href":"http:\/\/www.kavacikailesagligimerkezi.com\/index.php\/wp-json\/wp\/v2\/types\/page"}],"author":[{"embeddable":true,"href":"http:\/\/www.kavacikailesagligimerkezi.com\/index.php\/wp-json\/wp\/v2\/users\/1"}],"replies":[{"embeddable":true,"href":"http:\/\/www.kavacikailesagligimerkezi.com\/index.php\/wp-json\/wp\/v2\/comments?post=4313"}],"version-history":[{"count":38,"href":"http:\/\/www.kavacikailesagligimerkezi.com\/index.php\/wp-json\/wp\/v2\/pages\/4313\/revisions"}],"predecessor-version":[{"id":4545,"href":"http:\/\/www.kavacikailesagligimerkezi.com\/index.php\/wp-json\/wp\/v2\/pages\/4313\/revisions\/4545"}],"up":[{"embeddable":true,"href":"http:\/\/www.kavacikailesagligimerkezi.com\/index.php\/wp-json\/wp\/v2\/pages\/86"}],"wp:featuredmedia":[{"embeddable":true,"href":"http:\/\/www.kavacikailesagligimerkezi.com\/index.php\/wp-json\/wp\/v2\/media\/4375"}],"wp:attachment":[{"href":"http:\/\/www.kavacikailesagligimerkezi.com\/index.php\/wp-json\/wp\/v2\/media?parent=4313"}],"curies":[{"name":"wp","href":"https:\/\/api.w.org\/{rel}","templated":true}]}}