{"id":433,"date":"2013-11-05T12:00:37","date_gmt":"2013-11-05T12:00:37","guid":{"rendered":"http:\/\/www.kavacikailesagligimerkezi.com\/?page_id=433"},"modified":"2018-11-09T13:44:07","modified_gmt":"2018-11-09T13:44:07","slug":"randevulu-muayene","status":"publish","type":"page","link":"http:\/\/www.kavacikailesagligimerkezi.com\/index.php\/randevulu-muayene\/","title":{"rendered":"Randevulu Muayene"},"content":{"rendered":"<p>01.07.2013 tarihinden itibaren Sa\u011fl\u0131k Bakanl\u0131\u011f\u0131n\u0131n emriyle Aile Sa\u011fl\u0131\u011f\u0131 Merkezimizde randevulu sisteme ge\u00e7ilmi\u015ftir.<\/p>\n<p>Randevu Alma Telefon No: 182<\/p>\n<p>\u0130nternetten Randevu Al : <a target=\"_blank\" href=\"https:\/\/www.hastanerandevu.gov.tr\/Randevu\/login.xhtml\">MHRS Randevu Al<\/a><\/p>\n","protected":false},"excerpt":{"rendered":"<p>ga<\/p>\n","protected":false},"author":1,"featured_media":0,"parent":0,"menu_order":2,"comment_status":"closed","ping_status":"closed","template":"","meta":{"footnotes":""},"_links":{"self":[{"href":"http:\/\/www.kavacikailesagligimerkezi.com\/index.php\/wp-json\/wp\/v2\/pages\/433"}],"collection":[{"href":"http:\/\/www.kavacikailesagligimerkezi.com\/index.php\/wp-json\/wp\/v2\/pages"}],"about":[{"href":"http:\/\/www.kavacikailesagligimerkezi.com\/index.php\/wp-json\/wp\/v2\/types\/page"}],"author":[{"embeddable":true,"href":"http:\/\/www.kavacikailesagligimerkezi.com\/index.php\/wp-json\/wp\/v2\/users\/1"}],"replies":[{"embeddable":true,"href":"http:\/\/www.kavacikailesagligimerkezi.com\/index.php\/wp-json\/wp\/v2\/comments?post=433"}],"version-history":[{"count":7,"href":"http:\/\/www.kavacikailesagligimerkezi.com\/index.php\/wp-json\/wp\/v2\/pages\/433\/revisions"}],"predecessor-version":[{"id":1781,"href":"http:\/\/www.kavacikailesagligimerkezi.com\/index.php\/wp-json\/wp\/v2\/pages\/433\/revisions\/1781"}],"wp:attachment":[{"href":"http:\/\/www.kavacikailesagligimerkezi.com\/index.php\/wp-json\/wp\/v2\/media?parent=433"}],"curies":[{"name":"wp","href":"https:\/\/api.w.org\/{rel}","templated":true}]}}