{"id":4518,"date":"2023-10-04T10:22:26","date_gmt":"2023-10-04T10:22:26","guid":{"rendered":"http:\/\/www.kavacikailesagligimerkezi.com\/?page_id=4518"},"modified":"2025-05-07T15:00:13","modified_gmt":"2025-05-07T12:00:13","slug":"dr-selman-kilavuz","status":"publish","type":"page","link":"http:\/\/www.kavacikailesagligimerkezi.com\/index.php\/kadromuz\/dr-selman-kilavuz\/","title":{"rendered":"Dr. Selman K\u0131lavuz"},"content":{"rendered":"<p><img decoding=\"async\" loading=\"lazy\" class=\"alignleft wp-image-4553 size-medium\" src=\"http:\/\/www.kavacikailesagligimerkezi.com\/wp-content\/uploads\/Ekran-goruntusu-2025-05-07-145304-223x300.png\" alt=\"\" width=\"223\" height=\"300\" srcset=\"http:\/\/www.kavacikailesagligimerkezi.com\/wp-content\/uploads\/Ekran-goruntusu-2025-05-07-145304-223x300.png 223w, http:\/\/www.kavacikailesagligimerkezi.com\/wp-content\/uploads\/Ekran-goruntusu-2025-05-07-145304.png 352w\" sizes=\"(max-width: 223px) 100vw, 223px\" \/><\/p>\n<p><strong>34.11.044 &#8211; Dr. Selman K\u0131lavuz<\/strong><\/p>\n<ul>\n<li>2020 y\u0131l\u0131nda Mersin \u00dcniversitesi T\u0131p Fak\u00fcltesi&#8217;nden mezun oldu.<\/li>\n<li>2020 &#8211; 2022 y\u0131llar\u0131 aras\u0131nda Ke\u015fan \u0130l\u00e7e Sa\u011fl\u0131k M\u00fcd\u00fcrl\u00fc\u011f\u00fc&#8217;nde 2 y\u0131l \u00e7al\u0131\u015ft\u0131.<\/li>\n<li>2022 Ekim ay\u0131nda Mersin K\u00fcpl\u00fc A.S.M.&#8217;de \u00e7al\u0131\u015fmaya ba\u015flad\u0131.<\/li>\n<\/ul>\n<p><strong>Nisan 2025 tarihinden itibaren de Zekiye \u015e. Sabri \u00d6zel Aile Sa\u011fl\u0131\u011f\u0131 Merkezinde halen g\u00f6rev yapmaktad\u0131r.<\/strong><\/p>\n<table style=\"height: 374px;\" width=\"664\">\n<tbody>\n<tr>\n<th colspan=\"6\">34.11.044 A\u0130LE HEK\u0130ML\u0130\u011e\u0130 B\u0130R\u0130M\u0130 ESNEK MESA\u0130 SAAT \u00c7\u0130ZELGES\u0130<\/th>\n<\/tr>\n<tr>\n<th width=\"160\">A\u0130LE HEK\u0130M ADI<\/th>\n<th width=\"100\">PAZARTES\u0130<\/th>\n<th width=\"100\">SALI<\/th>\n<th width=\"100\">\u00c7AR\u015eAMBA<\/th>\n<th width=\"100\">PER\u015eEMBE<\/th>\n<th width=\"100\">CUMA<\/th>\n<\/tr>\n<tr>\n<td>Dr. Rumeysa Y\u0130\u011eEN<\/td>\n<td align=\"center\">08:00-17:00<\/td>\n<td align=\"center\">08:00-17:00<\/td>\n<td align=\"center\">08:00-17:00<\/td>\n<td align=\"center\">10:00-19:00<\/td>\n<td align=\"center\">08:00-17:00<\/td>\n<\/tr>\n<tr>\n<td>KURUM \u0130\u00c7\u0130 MESA\u0130<\/td>\n<td align=\"center\">08:00-12:00<\/td>\n<td align=\"center\">08:00-12:00<\/td>\n<td align=\"center\">08:00-12:00<\/td>\n<td align=\"center\">10:00-13:00<\/td>\n<td align=\"center\">08:00-12:00<\/td>\n<\/tr>\n<tr>\n<td>\u00d6\u011eLE ARASI<\/td>\n<td align=\"center\">12:00-13:00<\/td>\n<td align=\"center\">12:00-13:00<\/td>\n<td align=\"center\">12:00-13:00<\/td>\n<td align=\"center\">13:00-14:00<\/td>\n<td align=\"center\">12:00-13:00<\/td>\n<\/tr>\n<tr>\n<td>KURUM \u0130\u00c7\u0130 MESA\u0130<\/td>\n<td align=\"center\">13:00-15:00<\/td>\n<td align=\"center\">13:00-17:00<\/td>\n<td align=\"center\">13:00-17:00<\/td>\n<td align=\"center\">14:00-19:00<\/td>\n<td align=\"center\">13:00-17:00<\/td>\n<\/tr>\n<tr>\n<td>KURUM DI\u015eI MESA\u0130<\/td>\n<td align=\"center\">15:00-17:00<\/td>\n<td align=\"center\">\u00a0<\/td>\n<td align=\"center\">\u00a0<\/td>\n<td align=\"center\">\u00a0<\/td>\n<td align=\"center\">\u00a0<\/td>\n<\/tr>\n<tr>\n<td colspan=\"6\">\u00a0<\/td>\n<\/tr>\n<tr>\n<td>MESA\u0130 SAAT\u0130<\/td>\n<td style=\"text-align: center;\" align=\"middle\">8<\/td>\n<td style=\"text-align: center;\" align=\"middle\">8<\/td>\n<td style=\"text-align: center;\" align=\"middle\">8<\/td>\n<td style=\"text-align: center;\" align=\"middle\">8<\/td>\n<td style=\"text-align: center;\" align=\"middle\">8<\/td>\n<\/tr>\n<\/tbody>\n<\/table>\n\n\n<p><\/p>\n","protected":false},"excerpt":{"rendered":"<p>34.11.044 &#8211; Dr. Selman K\u0131lavuz 2020 y\u0131l\u0131nda Mersin \u00dcniversitesi T\u0131p Fak\u00fcltesi&#8217;nden mezun oldu. 2020 &#8211; 2022 y\u0131llar\u0131 aras\u0131nda Ke\u015fan \u0130l\u00e7e Sa\u011fl\u0131k M\u00fcd\u00fcrl\u00fc\u011f\u00fc&#8217;nde 2 y\u0131l \u00e7al\u0131\u015ft\u0131. 2022 Ekim ay\u0131nda Mersin K\u00fcpl\u00fc A.S.M.&#8217;de \u00e7al\u0131\u015fmaya ba\u015flad\u0131. Nisan 2025 tarihinden itibaren de Zekiye \u015e. Sabri \u00d6zel Aile Sa\u011fl\u0131\u011f\u0131 Merkezinde halen g\u00f6rev yapmaktad\u0131r. 34.11.044 A\u0130LE HEK\u0130ML\u0130\u011e\u0130 B\u0130R\u0130M\u0130 ESNEK MESA\u0130 SAAT [&hellip;]<\/p>\n","protected":false},"author":1,"featured_media":0,"parent":7,"menu_order":8,"comment_status":"closed","ping_status":"closed","template":"","meta":{"footnotes":""},"_links":{"self":[{"href":"http:\/\/www.kavacikailesagligimerkezi.com\/index.php\/wp-json\/wp\/v2\/pages\/4518"}],"collection":[{"href":"http:\/\/www.kavacikailesagligimerkezi.com\/index.php\/wp-json\/wp\/v2\/pages"}],"about":[{"href":"http:\/\/www.kavacikailesagligimerkezi.com\/index.php\/wp-json\/wp\/v2\/types\/page"}],"author":[{"embeddable":true,"href":"http:\/\/www.kavacikailesagligimerkezi.com\/index.php\/wp-json\/wp\/v2\/users\/1"}],"replies":[{"embeddable":true,"href":"http:\/\/www.kavacikailesagligimerkezi.com\/index.php\/wp-json\/wp\/v2\/comments?post=4518"}],"version-history":[{"count":5,"href":"http:\/\/www.kavacikailesagligimerkezi.com\/index.php\/wp-json\/wp\/v2\/pages\/4518\/revisions"}],"predecessor-version":[{"id":4556,"href":"http:\/\/www.kavacikailesagligimerkezi.com\/index.php\/wp-json\/wp\/v2\/pages\/4518\/revisions\/4556"}],"up":[{"embeddable":true,"href":"http:\/\/www.kavacikailesagligimerkezi.com\/index.php\/wp-json\/wp\/v2\/pages\/7"}],"wp:attachment":[{"href":"http:\/\/www.kavacikailesagligimerkezi.com\/index.php\/wp-json\/wp\/v2\/media?parent=4518"}],"curies":[{"name":"wp","href":"https:\/\/api.w.org\/{rel}","templated":true}]}}