{"id":5,"date":"2011-10-11T07:19:26","date_gmt":"2011-10-11T07:19:26","guid":{"rendered":"http:\/\/www.kavacikailesagligimerkezi.com\/?page_id=5"},"modified":"2021-04-13T14:48:09","modified_gmt":"2021-04-13T14:48:09","slug":"hakkimizda","status":"publish","type":"page","link":"http:\/\/www.kavacikailesagligimerkezi.com\/index.php\/hakkimizda\/","title":{"rendered":"Hakk\u0131m\u0131zda"},"content":{"rendered":"<p style=\"text-align: justify;\">De\u011ferli vatanda\u015flar\u0131m\u0131z;<br \/>\nBildi\u011finiz gibi 1 Kas\u0131m 2010 tarihinden itibaren Aile Hekimli\u011fi uygulamas\u0131na ge\u00e7mi\u015f bulunmaktay\u0131z. Aile Hekimli\u011fi sistemi ki\u015fiye \u00f6zel hekimlik anlay\u0131\u015f\u0131na dayanmaktad\u0131r.<\/p>\n<p style=\"text-align: justify;\">Aile Hekimli\u011fi di\u011fer T\u0131p disiplinlerinden farkl\u0131 olarak bireyi bedensel, ruhsal ve sosyal y\u00f6nden bir b\u00fct\u00fcn olar ele alan, yaln\u0131zca hastal\u0131kta de\u011fil, hastal\u0131\u011f\u0131n \u00f6nlenmesi s\u00fcre\u00e7lerinde de rol alan bir hekimlik uygulamas\u0131d\u0131r.<\/p>\n<p style=\"text-align: justify;\">Kavac\u0131k Zekiye-\u015e. Sabri \u00d6zel Aile sa\u011fl\u0131\u011f\u0131 Merkezi Hekimleri ve \u00e7al\u0131\u015fanlar\u0131 olarak sizlere \u00e7a\u011fda\u015f kalite standartlar\u0131nda hizmet sunmay\u0131 hedeflemekteyiz.<\/p>\n<p style=\"text-align: justify;\">Yeni d\u00f6nemdeki bu hekimlik anlay\u0131\u015f\u0131 ile, sizlerin kolay ula\u015fabilece\u011finiz, sorunlar\u0131n\u0131z\u0131 rahatl\u0131kla payla\u015fabilece\u011finiz, sa\u011fl\u0131k dan\u0131\u015fmanl\u0131\u011f\u0131 hizmeti alabilece\u011finiz, k\u0131sacas\u0131 Aile foto\u011fraf\u0131n\u0131zda yer verece\u011finiz hekimlik felsefesini hayata ge\u00e7irmenin heyecan\u0131n\u0131 ta\u015f\u0131maktay\u0131z. Sizleri Aile Hekiminiz ve Aile Sa\u011fl\u0131\u011f\u0131 Hem\u015firenizle tan\u0131\u015fmaya davet ediyoruz.<\/p>\n<p style=\"text-align: justify;\">Sa\u011fl\u0131k merkezi \u00e7al\u0131\u015fanlar\u0131 olarak yeni uygulaman\u0131n hepinize hay\u0131rl\u0131 olmas\u0131n\u0131 dileriz.<\/p>\n<p style=\"text-align: justify;\">A s\u0131n\u0131f\u0131 bir Aile Sa\u011fl\u0131k Merkezi olup Kavac\u0131k Mahallesinin tamam\u0131na hizmet vermekteyiz.<\/p>\n<p style=\"text-align: justify;\">Kurumumuzda esnek mesai uygulamas\u0131 mevcuttur.<\/p>\n","protected":false},"excerpt":{"rendered":"<p>ga<\/p>\n","protected":false},"author":1,"featured_media":0,"parent":0,"menu_order":-2,"comment_status":"closed","ping_status":"closed","template":"","meta":{"footnotes":""},"_links":{"self":[{"href":"http:\/\/www.kavacikailesagligimerkezi.com\/index.php\/wp-json\/wp\/v2\/pages\/5"}],"collection":[{"href":"http:\/\/www.kavacikailesagligimerkezi.com\/index.php\/wp-json\/wp\/v2\/pages"}],"about":[{"href":"http:\/\/www.kavacikailesagligimerkezi.com\/index.php\/wp-json\/wp\/v2\/types\/page"}],"author":[{"embeddable":true,"href":"http:\/\/www.kavacikailesagligimerkezi.com\/index.php\/wp-json\/wp\/v2\/users\/1"}],"replies":[{"embeddable":true,"href":"http:\/\/www.kavacikailesagligimerkezi.com\/index.php\/wp-json\/wp\/v2\/comments?post=5"}],"version-history":[{"count":7,"href":"http:\/\/www.kavacikailesagligimerkezi.com\/index.php\/wp-json\/wp\/v2\/pages\/5\/revisions"}],"predecessor-version":[{"id":4359,"href":"http:\/\/www.kavacikailesagligimerkezi.com\/index.php\/wp-json\/wp\/v2\/pages\/5\/revisions\/4359"}],"wp:attachment":[{"href":"http:\/\/www.kavacikailesagligimerkezi.com\/index.php\/wp-json\/wp\/v2\/media?parent=5"}],"curies":[{"name":"wp","href":"https:\/\/api.w.org\/{rel}","templated":true}]}}