{"id":776,"date":"2017-10-03T08:41:08","date_gmt":"2017-10-03T08:41:08","guid":{"rendered":"http:\/\/www.kavacikailesagligimerkezi.com\/?page_id=776"},"modified":"2023-08-14T09:34:43","modified_gmt":"2023-08-14T09:34:43","slug":"hemsire-gulcan-gureli","status":"publish","type":"page","link":"http:\/\/www.kavacikailesagligimerkezi.com\/index.php\/diger-personellerimiz\/hemsire-gulcan-gureli\/","title":{"rendered":"Hem\u015fire G\u00fclcan G\u00dcREL\u0130"},"content":{"rendered":"<p><a href=\"http:\/\/www.kavacikailesagligimerkezi.com\/wp-content\/uploads\/H_GG.jpg\"><img decoding=\"async\" loading=\"lazy\" class=\"alignnone size-thumbnail wp-image-815\" title=\".\" src=\"http:\/\/www.kavacikailesagligimerkezi.com\/wp-content\/uploads\/H_GG.jpg\" alt=\"\" width=\"150\" height=\"150\" \/><\/a><\/p>\n<p>G\u00fclcan G\u00dcREL\u0130<\/p>\n<ul>\n<li>1983 Manisa \/ Salihli do\u011fumlu<\/li>\n<li>2006 Akdeniz \u00dcniversitesi Hem\u015firelik B\u00f6l\u00fcm\u00fc mezunu.<\/li>\n<li>2007-2010 Manisa Salihli Mersinli Sa\u011fl\u0131k Evinde \u00e7al\u0131\u015ft\u0131.<\/li>\n<li>2010-2012 Medeniyet \u00dcniversitesi G\u00f6ztepe E\u011fitim Ara\u015ft\u0131rma Hastanesi.<\/li>\n<\/ul>\n<p><strong>17.09.2012 tarihinden itibaren Zekiye \u015e. Sabri \u00d6zel Aile Sa\u011fl\u0131\u011f\u0131 Merkezi\u2019nde \u00e7al\u0131\u015fmaktad\u0131r.<\/strong><\/p>\n","protected":false},"excerpt":{"rendered":"<p>ga<\/p>\n","protected":false},"author":1,"featured_media":0,"parent":86,"menu_order":0,"comment_status":"closed","ping_status":"closed","template":"","meta":{"footnotes":""},"_links":{"self":[{"href":"http:\/\/www.kavacikailesagligimerkezi.com\/index.php\/wp-json\/wp\/v2\/pages\/776"}],"collection":[{"href":"http:\/\/www.kavacikailesagligimerkezi.com\/index.php\/wp-json\/wp\/v2\/pages"}],"about":[{"href":"http:\/\/www.kavacikailesagligimerkezi.com\/index.php\/wp-json\/wp\/v2\/types\/page"}],"author":[{"embeddable":true,"href":"http:\/\/www.kavacikailesagligimerkezi.com\/index.php\/wp-json\/wp\/v2\/users\/1"}],"replies":[{"embeddable":true,"href":"http:\/\/www.kavacikailesagligimerkezi.com\/index.php\/wp-json\/wp\/v2\/comments?post=776"}],"version-history":[{"count":9,"href":"http:\/\/www.kavacikailesagligimerkezi.com\/index.php\/wp-json\/wp\/v2\/pages\/776\/revisions"}],"predecessor-version":[{"id":4501,"href":"http:\/\/www.kavacikailesagligimerkezi.com\/index.php\/wp-json\/wp\/v2\/pages\/776\/revisions\/4501"}],"up":[{"embeddable":true,"href":"http:\/\/www.kavacikailesagligimerkezi.com\/index.php\/wp-json\/wp\/v2\/pages\/86"}],"wp:attachment":[{"href":"http:\/\/www.kavacikailesagligimerkezi.com\/index.php\/wp-json\/wp\/v2\/media?parent=776"}],"curies":[{"name":"wp","href":"https:\/\/api.w.org\/{rel}","templated":true}]}}