{"id":780,"date":"2017-10-03T08:41:38","date_gmt":"2017-10-03T08:41:38","guid":{"rendered":"http:\/\/www.kavacikailesagligimerkezi.com\/?page_id=780"},"modified":"2023-08-14T10:16:51","modified_gmt":"2023-08-14T10:16:51","slug":"ebe-gulnazik-tuna","status":"publish","type":"page","link":"http:\/\/www.kavacikailesagligimerkezi.com\/index.php\/diger-personellerimiz\/ebe-gulnazik-tuna\/","title":{"rendered":"Ebe G\u00fclnazik TUNA"},"content":{"rendered":"<p><a href=\"http:\/\/www.kavacikailesagligimerkezi.com\/wp-content\/uploads\/E_GT.jpg\"><img decoding=\"async\" loading=\"lazy\" class=\"alignnone size-thumbnail wp-image-815\" title=\".\" src=\"http:\/\/www.kavacikailesagligimerkezi.com\/wp-content\/uploads\/E_GT.jpg\" alt=\"\" width=\"150\" height=\"150\"><\/a><\/p>\n<p>G\u00fclnazik TUNA<\/p>\n<ul>\n<li>11.10.1971 Eski\u015fehir do\u011fumlu<\/li>\n<li>1994 \u0130stanbul \u00dcniversitesi Florence Ninht\u0131ngale Hem\u015firelik Y\u00fcksek Okulu Mezunu.<\/li>\n<li>1990-2006 Baltaliman\u0131 Kemik Hastal\u0131klar\u0131 E\u011fitim Ara\u015ft\u0131rma Hastanesinde \u00e7al\u0131\u015ft\u0131.<\/li>\n<li>2006-2016 Kanl\u0131ca A\u00c7SAP E\u011fitim Merkezi\u2019 nde \u00e7al\u0131\u015ft\u0131.<\/li>\n<\/ul>\n<p><strong>2016 y\u0131l\u0131ndan itibaren kurumumuzda 34.11.040 no lu birimde ebe olarak g\u00f6rev yapmaktad\u0131r.<\/strong><\/p>\n<p><\/p>\n\n\n<p><\/p>\n","protected":false},"excerpt":{"rendered":"<p>ga<\/p>\n","protected":false},"author":1,"featured_media":0,"parent":86,"menu_order":8,"comment_status":"closed","ping_status":"closed","template":"","meta":{"footnotes":""},"_links":{"self":[{"href":"http:\/\/www.kavacikailesagligimerkezi.com\/index.php\/wp-json\/wp\/v2\/pages\/780"}],"collection":[{"href":"http:\/\/www.kavacikailesagligimerkezi.com\/index.php\/wp-json\/wp\/v2\/pages"}],"about":[{"href":"http:\/\/www.kavacikailesagligimerkezi.com\/index.php\/wp-json\/wp\/v2\/types\/page"}],"author":[{"embeddable":true,"href":"http:\/\/www.kavacikailesagligimerkezi.com\/index.php\/wp-json\/wp\/v2\/users\/1"}],"replies":[{"embeddable":true,"href":"http:\/\/www.kavacikailesagligimerkezi.com\/index.php\/wp-json\/wp\/v2\/comments?post=780"}],"version-history":[{"count":10,"href":"http:\/\/www.kavacikailesagligimerkezi.com\/index.php\/wp-json\/wp\/v2\/pages\/780\/revisions"}],"predecessor-version":[{"id":4505,"href":"http:\/\/www.kavacikailesagligimerkezi.com\/index.php\/wp-json\/wp\/v2\/pages\/780\/revisions\/4505"}],"up":[{"embeddable":true,"href":"http:\/\/www.kavacikailesagligimerkezi.com\/index.php\/wp-json\/wp\/v2\/pages\/86"}],"wp:attachment":[{"href":"http:\/\/www.kavacikailesagligimerkezi.com\/index.php\/wp-json\/wp\/v2\/media?parent=780"}],"curies":[{"name":"wp","href":"https:\/\/api.w.org\/{rel}","templated":true}]}}