{"id":782,"date":"2017-10-03T08:41:57","date_gmt":"2017-10-03T08:41:57","guid":{"rendered":"http:\/\/www.kavacikailesagligimerkezi.com\/?page_id=782"},"modified":"2023-08-14T10:17:52","modified_gmt":"2023-08-14T10:17:52","slug":"ebe-melek-cakmak","status":"publish","type":"page","link":"http:\/\/www.kavacikailesagligimerkezi.com\/index.php\/diger-personellerimiz\/ebe-melek-cakmak\/","title":{"rendered":"Ebe Melek \u00c7AKMAK"},"content":{"rendered":"<p><a href=\"http:\/\/www.kavacikailesagligimerkezi.com\/wp-content\/uploads\/E_MC.jpg\"><img decoding=\"async\" loading=\"lazy\" class=\"alignnone size-thumbnail wp-image-815\" title=\".\" src=\"http:\/\/www.kavacikailesagligimerkezi.com\/wp-content\/uploads\/E_MC.jpg\" alt=\"\" width=\"150\" height=\"150\"><\/a><\/p>\n<p>Melek \u00c7AKMAK<\/p>\n<ul>\n<li>1988 Kahramanmara\u015f Af\u015fin il\u00e7esinde do\u011fdu.<\/li>\n<li>2012 de Trakya \u00dcniversitesi Sa\u011fl\u0131k Bilimleri Fak\u00fcltesi\u2019 nden mezun oldu.<\/li>\n<li>2014-2015 y\u0131llar\u0131 aras\u0131nda A\u011fr\u0131 Halk Sa\u011fl\u0131\u011f\u0131 M\u00fcd\u00fcrl\u00fc\u011f\u00fc\u2019 nde g\u00f6rev yapt\u0131.<\/li>\n<\/ul>\n<p><strong>2017 y\u0131l\u0131 Nisan ay\u0131 itibariyle Zekiye \u015e. Sabri \u00d6zel Aile Sa\u011fl\u0131\u011f\u0131 Merkezi\u2019nde 34.11.041 no lu birimde Ebe olarak g\u00f6rev yapmaktad\u0131r.<\/strong><\/p>\n","protected":false},"excerpt":{"rendered":"<p>ga<\/p>\n","protected":false},"author":1,"featured_media":0,"parent":86,"menu_order":10,"comment_status":"closed","ping_status":"closed","template":"","meta":{"footnotes":""},"_links":{"self":[{"href":"http:\/\/www.kavacikailesagligimerkezi.com\/index.php\/wp-json\/wp\/v2\/pages\/782"}],"collection":[{"href":"http:\/\/www.kavacikailesagligimerkezi.com\/index.php\/wp-json\/wp\/v2\/pages"}],"about":[{"href":"http:\/\/www.kavacikailesagligimerkezi.com\/index.php\/wp-json\/wp\/v2\/types\/page"}],"author":[{"embeddable":true,"href":"http:\/\/www.kavacikailesagligimerkezi.com\/index.php\/wp-json\/wp\/v2\/users\/1"}],"replies":[{"embeddable":true,"href":"http:\/\/www.kavacikailesagligimerkezi.com\/index.php\/wp-json\/wp\/v2\/comments?post=782"}],"version-history":[{"count":7,"href":"http:\/\/www.kavacikailesagligimerkezi.com\/index.php\/wp-json\/wp\/v2\/pages\/782\/revisions"}],"predecessor-version":[{"id":4506,"href":"http:\/\/www.kavacikailesagligimerkezi.com\/index.php\/wp-json\/wp\/v2\/pages\/782\/revisions\/4506"}],"up":[{"embeddable":true,"href":"http:\/\/www.kavacikailesagligimerkezi.com\/index.php\/wp-json\/wp\/v2\/pages\/86"}],"wp:attachment":[{"href":"http:\/\/www.kavacikailesagligimerkezi.com\/index.php\/wp-json\/wp\/v2\/media?parent=782"}],"curies":[{"name":"wp","href":"https:\/\/api.w.org\/{rel}","templated":true}]}}