{"id":784,"date":"2017-10-03T08:42:08","date_gmt":"2017-10-03T08:42:08","guid":{"rendered":"http:\/\/www.kavacikailesagligimerkezi.com\/?page_id=784"},"modified":"2020-10-06T15:03:57","modified_gmt":"2020-10-06T15:03:57","slug":"hemsire-tulay-simsek","status":"publish","type":"page","link":"http:\/\/www.kavacikailesagligimerkezi.com\/index.php\/diger-personellerimiz\/hemsire-tulay-simsek\/","title":{"rendered":"Hem\u015fire T\u00fclay \u015e\u0130M\u015eEK"},"content":{"rendered":"<p><a href=\"http:\/\/www.kavacikailesagligimerkezi.com\/wp-content\/uploads\/H_TS.jpg\"><img decoding=\"async\" loading=\"lazy\" src=\"http:\/\/www.kavacikailesagligimerkezi.com\/wp-content\/uploads\/H_TS.jpg\" alt=\"\" title=\".\" width=\"150\" height=\"150\" class=\"alignnone size-thumbnail wp-image-815\" \/><\/a><\/p>\n<p>T\u00fclay \u015e\u0130M\u015eEK<\/p>\n<ul>\n<li>27.01.1987 tarihinde Zonguldak\u2019 ta do\u011fdu.\n<li>2005 y\u0131l\u0131 Turgut I\u015f\u0131k Sa\u011fl\u0131k Meslek Lisesi Hem\u015firelik b\u00f6l\u00fcm\u00fc mezunu.\n<li>Anadolu \u00dcniversitesi \u0130\u015fletme b\u00f6l\u00fcm\u00fc mezunu.\n<li>\u0130stanbul \u00dcniversitesi Sa\u011fl\u0131k Y\u00f6netimi b\u00f6l\u00fcm\u00fc mezunu.\n<li>Beykoz Devlet Hastanesinde g\u00f6rev yapt\u0131.<\/ul>\n<p><strong>2012 y\u0131l\u0131ndan itibaren Zekiye \u015e. Sabri \u00d6zel Aile Sa\u011fl\u0131\u011f\u0131 Merkezi\u2019nde 34.11.042 no lu birimde hem\u015fire olarak g\u00f6rev yapmaktad\u0131r.<\/strong><\/p>\n","protected":false},"excerpt":{"rendered":"<p>ga<\/p>\n","protected":false},"author":1,"featured_media":0,"parent":86,"menu_order":4,"comment_status":"closed","ping_status":"closed","template":"","meta":{"footnotes":""},"_links":{"self":[{"href":"http:\/\/www.kavacikailesagligimerkezi.com\/index.php\/wp-json\/wp\/v2\/pages\/784"}],"collection":[{"href":"http:\/\/www.kavacikailesagligimerkezi.com\/index.php\/wp-json\/wp\/v2\/pages"}],"about":[{"href":"http:\/\/www.kavacikailesagligimerkezi.com\/index.php\/wp-json\/wp\/v2\/types\/page"}],"author":[{"embeddable":true,"href":"http:\/\/www.kavacikailesagligimerkezi.com\/index.php\/wp-json\/wp\/v2\/users\/1"}],"replies":[{"embeddable":true,"href":"http:\/\/www.kavacikailesagligimerkezi.com\/index.php\/wp-json\/wp\/v2\/comments?post=784"}],"version-history":[{"count":10,"href":"http:\/\/www.kavacikailesagligimerkezi.com\/index.php\/wp-json\/wp\/v2\/pages\/784\/revisions"}],"predecessor-version":[{"id":4350,"href":"http:\/\/www.kavacikailesagligimerkezi.com\/index.php\/wp-json\/wp\/v2\/pages\/784\/revisions\/4350"}],"up":[{"embeddable":true,"href":"http:\/\/www.kavacikailesagligimerkezi.com\/index.php\/wp-json\/wp\/v2\/pages\/86"}],"wp:attachment":[{"href":"http:\/\/www.kavacikailesagligimerkezi.com\/index.php\/wp-json\/wp\/v2\/media?parent=784"}],"curies":[{"name":"wp","href":"https:\/\/api.w.org\/{rel}","templated":true}]}}