{"id":790,"date":"2017-10-03T08:42:46","date_gmt":"2017-10-03T08:42:46","guid":{"rendered":"http:\/\/www.kavacikailesagligimerkezi.com\/?page_id=790"},"modified":"2023-08-14T10:32:12","modified_gmt":"2023-08-14T10:32:12","slug":"tibbi-sekreter-ayse-gecici-2","status":"publish","type":"page","link":"http:\/\/www.kavacikailesagligimerkezi.com\/index.php\/diger-personellerimiz\/tibbi-sekreter-ayse-gecici-2\/","title":{"rendered":"T\u0131bbi Sekr. Ay\u015fe GE\u00c7\u0130C\u0130"},"content":{"rendered":"<p><a href=\"http:\/\/www.kavacikailesagligimerkezi.com\/wp-content\/uploads\/TS_AG.jpg\"><img decoding=\"async\" loading=\"lazy\" class=\"alignnone size-thumbnail wp-image-815\" title=\".\" src=\"http:\/\/www.kavacikailesagligimerkezi.com\/wp-content\/uploads\/TS_AG.jpg\" alt=\"\" width=\"150\" height=\"150\"><\/a><\/p>\n<p>Ay\u015fe GE\u00c7\u0130C\u0130<\/p>\n<ul>\n<li>1982 Malatya do\u011fumlu.<\/li>\n<li>Malatya Do\u011fan\u015fehir Sa\u011fl\u0131k Meslek Lisesi T\u0131bbi Sekreterlik mezunu.<\/li>\n<\/ul>\n<p><strong>2013 y\u0131l\u0131 Haziran ay\u0131ndan itibaren Beykoz Zekiye \u015e. Sabri \u00d6zel Aile Sa\u011fl\u0131\u011f\u0131 Merkezi\u2019nde T\u0131bbi Sekreter olarak \u00e7al\u0131\u015fmaktad\u0131r.<\/strong><\/p>\n","protected":false},"excerpt":{"rendered":"<p>ga<\/p>\n","protected":false},"author":1,"featured_media":0,"parent":86,"menu_order":16,"comment_status":"closed","ping_status":"closed","template":"","meta":{"footnotes":""},"_links":{"self":[{"href":"http:\/\/www.kavacikailesagligimerkezi.com\/index.php\/wp-json\/wp\/v2\/pages\/790"}],"collection":[{"href":"http:\/\/www.kavacikailesagligimerkezi.com\/index.php\/wp-json\/wp\/v2\/pages"}],"about":[{"href":"http:\/\/www.kavacikailesagligimerkezi.com\/index.php\/wp-json\/wp\/v2\/types\/page"}],"author":[{"embeddable":true,"href":"http:\/\/www.kavacikailesagligimerkezi.com\/index.php\/wp-json\/wp\/v2\/users\/1"}],"replies":[{"embeddable":true,"href":"http:\/\/www.kavacikailesagligimerkezi.com\/index.php\/wp-json\/wp\/v2\/comments?post=790"}],"version-history":[{"count":7,"href":"http:\/\/www.kavacikailesagligimerkezi.com\/index.php\/wp-json\/wp\/v2\/pages\/790\/revisions"}],"predecessor-version":[{"id":4511,"href":"http:\/\/www.kavacikailesagligimerkezi.com\/index.php\/wp-json\/wp\/v2\/pages\/790\/revisions\/4511"}],"up":[{"embeddable":true,"href":"http:\/\/www.kavacikailesagligimerkezi.com\/index.php\/wp-json\/wp\/v2\/pages\/86"}],"wp:attachment":[{"href":"http:\/\/www.kavacikailesagligimerkezi.com\/index.php\/wp-json\/wp\/v2\/media?parent=790"}],"curies":[{"name":"wp","href":"https:\/\/api.w.org\/{rel}","templated":true}]}}