{"id":794,"date":"2017-10-03T08:43:06","date_gmt":"2017-10-03T08:43:06","guid":{"rendered":"http:\/\/www.kavacikailesagligimerkezi.com\/?page_id=794"},"modified":"2024-04-02T11:38:16","modified_gmt":"2024-04-02T08:38:16","slug":"hemsire-yasemin-oztap","status":"publish","type":"page","link":"http:\/\/www.kavacikailesagligimerkezi.com\/index.php\/diger-personellerimiz\/hemsire-yasemin-oztap\/","title":{"rendered":"Hem\u015fire Yasemin \u00d6ZTAP"},"content":{"rendered":"<p><img decoding=\"async\" loading=\"lazy\" class=\"wp-image-4533 size-full alignnone\" src=\"http:\/\/www.kavacikailesagligimerkezi.com\/wp-content\/uploads\/IMG_4487.jpeg\" alt=\"\" width=\"233\" height=\"272\" \/><\/p>\n<p>Yasemin \u00d6ZTAP<\/p>\n<ul>\n<li>Medipol \u00dcniversitesi ebelik b\u00f6l\u00fcm\u00fc mezunudur.<\/li>\n<li>2020 y\u0131l\u0131ndan itibaren Memorial A.\u015e. ve Medipol Hastanesi&#8217;nde g\u00f6rev yapt\u0131.<\/li>\n<\/ul>\n<p><strong>2024 Mart tarihinden itibaren Beykoz Zekiye \u015e. Sabri \u00d6zel Aile Sa\u011fl\u0131\u011f\u0131 Merkezi\u2019nde g\u00f6rev yapmaktad\u0131r.<\/strong><\/p>\n\n\n<p><\/p>\n","protected":false},"excerpt":{"rendered":"<p>ga<\/p>\n","protected":false},"author":1,"featured_media":0,"parent":86,"menu_order":6,"comment_status":"closed","ping_status":"closed","template":"","meta":{"footnotes":""},"_links":{"self":[{"href":"http:\/\/www.kavacikailesagligimerkezi.com\/index.php\/wp-json\/wp\/v2\/pages\/794"}],"collection":[{"href":"http:\/\/www.kavacikailesagligimerkezi.com\/index.php\/wp-json\/wp\/v2\/pages"}],"about":[{"href":"http:\/\/www.kavacikailesagligimerkezi.com\/index.php\/wp-json\/wp\/v2\/types\/page"}],"author":[{"embeddable":true,"href":"http:\/\/www.kavacikailesagligimerkezi.com\/index.php\/wp-json\/wp\/v2\/users\/1"}],"replies":[{"embeddable":true,"href":"http:\/\/www.kavacikailesagligimerkezi.com\/index.php\/wp-json\/wp\/v2\/comments?post=794"}],"version-history":[{"count":29,"href":"http:\/\/www.kavacikailesagligimerkezi.com\/index.php\/wp-json\/wp\/v2\/pages\/794\/revisions"}],"predecessor-version":[{"id":4539,"href":"http:\/\/www.kavacikailesagligimerkezi.com\/index.php\/wp-json\/wp\/v2\/pages\/794\/revisions\/4539"}],"up":[{"embeddable":true,"href":"http:\/\/www.kavacikailesagligimerkezi.com\/index.php\/wp-json\/wp\/v2\/pages\/86"}],"wp:attachment":[{"href":"http:\/\/www.kavacikailesagligimerkezi.com\/index.php\/wp-json\/wp\/v2\/media?parent=794"}],"curies":[{"name":"wp","href":"https:\/\/api.w.org\/{rel}","templated":true}]}}