{"id":798,"date":"2017-10-03T08:43:29","date_gmt":"2017-10-03T08:43:29","guid":{"rendered":"http:\/\/www.kavacikailesagligimerkezi.com\/?page_id=798"},"modified":"2023-08-14T10:22:08","modified_gmt":"2023-08-14T10:22:08","slug":"personel-abdulmelik-erturk","status":"publish","type":"page","link":"http:\/\/www.kavacikailesagligimerkezi.com\/index.php\/diger-personellerimiz\/personel-abdulmelik-erturk\/","title":{"rendered":"Personel Abdulmelik ERT\u00dcRK"},"content":{"rendered":"<p><a href=\"http:\/\/www.kavacikailesagligimerkezi.com\/wp-content\/uploads\/P_AE.jpg\"><img decoding=\"async\" loading=\"lazy\" class=\"alignnone size-thumbnail wp-image-815\" title=\".\" src=\"http:\/\/www.kavacikailesagligimerkezi.com\/wp-content\/uploads\/P_AE.jpg\" alt=\"\" width=\"150\" height=\"150\"><\/a><\/p>\n<p>Abdulmelik ERT\u00dcRK<\/p>\n<ul>\n<li>1971 \u00dcsk\u00fcdar do\u011fumlu.<\/li>\n<li>2003-2010 y\u0131llar\u0131 aras\u0131nda Ali Bahad\u0131r Sa\u011fl\u0131k Oca\u011f\u0131nda Personel olarak \u00e7al\u0131\u015ft\u0131.<\/li>\n<\/ul>\n<p><strong>2010 y\u0131l\u0131ndan itibaren Beykoz Zekiye \u015e. Sabri \u00d6zel Aile Sa\u011fl\u0131\u011f\u0131 Merkezi\u2019nde \u00e7al\u0131\u015fmaktad\u0131r.<\/strong><\/p>\n","protected":false},"excerpt":{"rendered":"<p>ga<\/p>\n","protected":false},"author":1,"featured_media":0,"parent":86,"menu_order":32,"comment_status":"closed","ping_status":"closed","template":"","meta":{"footnotes":""},"_links":{"self":[{"href":"http:\/\/www.kavacikailesagligimerkezi.com\/index.php\/wp-json\/wp\/v2\/pages\/798"}],"collection":[{"href":"http:\/\/www.kavacikailesagligimerkezi.com\/index.php\/wp-json\/wp\/v2\/pages"}],"about":[{"href":"http:\/\/www.kavacikailesagligimerkezi.com\/index.php\/wp-json\/wp\/v2\/types\/page"}],"author":[{"embeddable":true,"href":"http:\/\/www.kavacikailesagligimerkezi.com\/index.php\/wp-json\/wp\/v2\/users\/1"}],"replies":[{"embeddable":true,"href":"http:\/\/www.kavacikailesagligimerkezi.com\/index.php\/wp-json\/wp\/v2\/comments?post=798"}],"version-history":[{"count":28,"href":"http:\/\/www.kavacikailesagligimerkezi.com\/index.php\/wp-json\/wp\/v2\/pages\/798\/revisions"}],"predecessor-version":[{"id":4446,"href":"http:\/\/www.kavacikailesagligimerkezi.com\/index.php\/wp-json\/wp\/v2\/pages\/798\/revisions\/4446"}],"up":[{"embeddable":true,"href":"http:\/\/www.kavacikailesagligimerkezi.com\/index.php\/wp-json\/wp\/v2\/pages\/86"}],"wp:attachment":[{"href":"http:\/\/www.kavacikailesagligimerkezi.com\/index.php\/wp-json\/wp\/v2\/media?parent=798"}],"curies":[{"name":"wp","href":"https:\/\/api.w.org\/{rel}","templated":true}]}}