{"id":9,"date":"2011-10-11T07:19:53","date_gmt":"2011-10-11T07:19:53","guid":{"rendered":"http:\/\/www.kavacikailesagligimerkezi.com\/?page_id=9"},"modified":"2022-06-22T12:33:33","modified_gmt":"2022-06-22T12:33:33","slug":"hizmetler","status":"publish","type":"page","link":"http:\/\/www.kavacikailesagligimerkezi.com\/index.php\/hizmetler\/","title":{"rendered":"Hizmetlerimiz"},"content":{"rendered":"<ul><b><\/b><br \/>\n<b>\u2022<\/b> Poliklinik<br \/>\n<b><\/b><br \/>\n<b>\u2022<\/b> Sa\u011flam \u00c7ocuk Takibi ve A\u015f\u0131lama<br \/>\n<b><\/b><br \/>\n<b>\u2022<\/b> Gebe ve Lohusa Takibi<br \/>\n<b><\/b><br \/>\n<b>\u2022<\/b> Laboratuvar (Kan saatimiz sabah 08:30 \/ 10:00 aras\u0131d\u0131r.)<br \/>\n<b><\/b><br \/>\n<b>\u2022<\/b> Enjeksiyon ve Pansuman<br \/>\n<b><\/b><br \/>\n<b>\u2022<\/b> Sa\u011fl\u0131k Raporlar\u0131 (\u0130\u015fe Giri\u015f, Evlenme, Ehliyet)<br \/>\n<b><\/b><br \/>\n<b>\u2022<\/b> Emzirme Dan\u0131\u015fmanl\u0131\u011f\u0131<br \/>\n<b><\/b><br \/>\n<b>\u2022<\/b> Aile Planlamas\u0131 (Hap, Kondom, R\u0130A)<br \/>\n<b><\/b><br \/>\n<b>\u2022<\/b> \u00dcreme Sa\u011fl\u0131\u011f\u0131<br \/>\n<b><\/b><\/ul>\n","protected":false},"excerpt":{"rendered":"<p>ga<\/p>\n","protected":false},"author":1,"featured_media":0,"parent":0,"menu_order":-1,"comment_status":"open","ping_status":"open","template":"","meta":{"footnotes":""},"_links":{"self":[{"href":"http:\/\/www.kavacikailesagligimerkezi.com\/index.php\/wp-json\/wp\/v2\/pages\/9"}],"collection":[{"href":"http:\/\/www.kavacikailesagligimerkezi.com\/index.php\/wp-json\/wp\/v2\/pages"}],"about":[{"href":"http:\/\/www.kavacikailesagligimerkezi.com\/index.php\/wp-json\/wp\/v2\/types\/page"}],"author":[{"embeddable":true,"href":"http:\/\/www.kavacikailesagligimerkezi.com\/index.php\/wp-json\/wp\/v2\/users\/1"}],"replies":[{"embeddable":true,"href":"http:\/\/www.kavacikailesagligimerkezi.com\/index.php\/wp-json\/wp\/v2\/comments?post=9"}],"version-history":[{"count":47,"href":"http:\/\/www.kavacikailesagligimerkezi.com\/index.php\/wp-json\/wp\/v2\/pages\/9\/revisions"}],"predecessor-version":[{"id":4463,"href":"http:\/\/www.kavacikailesagligimerkezi.com\/index.php\/wp-json\/wp\/v2\/pages\/9\/revisions\/4463"}],"wp:attachment":[{"href":"http:\/\/www.kavacikailesagligimerkezi.com\/index.php\/wp-json\/wp\/v2\/media?parent=9"}],"curies":[{"name":"wp","href":"https:\/\/api.w.org\/{rel}","templated":true}]}}